{"id":604,"date":"2024-08-21T16:40:38","date_gmt":"2024-08-21T16:40:38","guid":{"rendered":"https:\/\/cetecsoluciones.com\/?page_id=604"},"modified":"2024-12-16T13:38:33","modified_gmt":"2024-12-16T13:38:33","slug":"politica-de-cookies","status":"publish","type":"page","link":"https:\/\/cetecsoluciones.com\/ca\/politica-de-cookies\/","title":{"rendered":"Pol\u00edtica de Cookies"},"content":{"rendered":"<div data-elementor-type=\"wp-page\" data-elementor-id=\"604\" class=\"elementor elementor-604\" data-elementor-post-type=\"page\">\n\t\t\t\t\t\t<section class=\"elementor-section elementor-top-section elementor-element elementor-element-7e5c7216 elementor-section-content-middle elementor-reverse-mobile elementor-section-boxed elementor-section-height-default elementor-section-height-default\" data-id=\"7e5c7216\" data-element_type=\"section\" data-e-type=\"section\" data-settings=\"{&quot;background_background&quot;:&quot;classic&quot;}\">\n\t\t\t\t\t\t\t<div class=\"elementor-background-overlay\"><\/div>\n\t\t\t\t\t\t\t<div class=\"elementor-container elementor-column-gap-default\">\n\t\t\t\t\t<div class=\"elementor-column elementor-col-50 elementor-top-column elementor-element elementor-element-4a96ff22\" data-id=\"4a96ff22\" data-element_type=\"column\" data-e-type=\"column\">\n\t\t\t<div class=\"elementor-widget-wrap elementor-element-populated\">\n\t\t\t\t\t\t<div class=\"elementor-element elementor-element-6a2292c7 elementor-widget__width-initial elementor-invisible elementor-widget elementor-widget-heading\" data-id=\"6a2292c7\" data-element_type=\"widget\" data-e-type=\"widget\" data-settings=\"{&quot;_animation&quot;:&quot;fadeInLeft&quot;}\" data-widget_type=\"heading.default\">\n\t\t\t\t<div class=\"elementor-widget-container\">\n\t\t\t\t\t<h1 class=\"elementor-heading-title elementor-size-default\">Pol\u00edtica de Cookies<\/h1>\t\t\t\t<\/div>\n\t\t\t\t<\/div>\n\t\t\t\t\t<\/div>\n\t\t<\/div>\n\t\t\t\t<div class=\"elementor-column elementor-col-50 elementor-top-column elementor-element elementor-element-2f7d1d84\" data-id=\"2f7d1d84\" data-element_type=\"column\" data-e-type=\"column\" data-settings=\"{&quot;background_background&quot;:&quot;classic&quot;}\">\n\t\t\t<div class=\"elementor-widget-wrap elementor-element-populated\">\n\t\t\t\t\t\t\t<\/div>\n\t\t<\/div>\n\t\t\t\t\t<\/div>\n\t\t<\/section>\n\t\t<div class=\"elementor-element elementor-element-5dbc07ca e-flex e-con-boxed e-con e-parent\" data-id=\"5dbc07ca\" data-element_type=\"container\" data-e-type=\"container\">\n\t\t\t\t\t<div class=\"e-con-inner\">\n\t\t\t\t<div class=\"elementor-element elementor-element-5514a091 elementor-widget elementor-widget-text-editor\" data-id=\"5514a091\" data-element_type=\"widget\" data-e-type=\"widget\" data-widget_type=\"text-editor.default\">\n\t\t\t\t<div class=\"elementor-widget-container\">\n\t\t\t\t\t\t\t\t\t\n<h3 class=\"wp-block-heading\">INFORMACI\u00d3N QUE RECOPILAMOS:<\/h3>\n\n<p>Recopilamos y procesamos la siguiente informaci\u00f3n sobre usted:<\/p>\n\n<ul class=\"wp-block-list\">\n<li>Nombre.<\/li>\n\n<li>Email.<\/li>\n\n<li>Informaci\u00f3n de pago (si la hubiera).<\/li>\n<\/ul>\n\n<p><strong>C\u00f3mo recopilamos su informaci\u00f3n:<\/strong><\/p>\n\n<p>Recopilamos\/recibimos informaci\u00f3n sobre usted de la siguiente manera:<\/p>\n\n<ul class=\"wp-block-list\">\n<li>Cuando un usuario completa el formulario de registro.<\/li>\n\n<li>Env\u00eda informaci\u00f3n personal.<\/li>\n\n<li>Interact\u00faa con el sitio web.<\/li>\n\n<li>De fuentes p\u00fablicas.<\/li>\n<\/ul>\n\n<p><strong>C\u00f3mo usamos su informaci\u00f3n:<\/strong><\/p>\n\n<p>Usaremos la informaci\u00f3n que recopilamos sobre usted para los siguientes prop\u00f3sitos:<\/p>\n\n<ul class=\"wp-block-list\">\n<li>Marketing o promoci\u00f3n.<\/li>\n\n<li>Crear una cuenta de usuario.<\/li>\n\n<li>Recopilaci\u00f3n de comentarios.<\/li>\n\n<li>Para cualquier otro prop\u00f3sito, le pediremos su consentimiento y s\u00f3lo para los fines que otorgue su consentimiento, a menos que se nos solicite lo contrario por ley.<\/li>\n<\/ul>\n\n<p><strong>C\u00f3mo compartimos su informaci\u00f3n:<\/strong><\/p>\n\n<p>No transferiremos su informaci\u00f3n personal a ning\u00fan tercero sin solicitar su consentimiento, excepto en las circunstancias limitadas que se describen a continuaci\u00f3n:<\/p>\n\n<p><em>Anal\u00edtica:<\/em><\/p>\n\n<p>Requerimos que dichos terceros usen la informaci\u00f3n personal que les transferimos s\u00f3lo para el prop\u00f3sito para el cual fue transferida y no la retengan por m\u00e1s tiempo del necesario para cumplir con dicho prop\u00f3sito.<\/p>\n\n<p>Tambi\u00e9n podemos divulgar su informaci\u00f3n personal para lo siguiente: (1) para cumplir con la ley, regulaci\u00f3n, orden judicial u otro proceso legal aplicable; (2) para hacer cumplir sus acuerdos con nosotros, incluida esta pol\u00edtica de privacidad; o (3) para responder a reclamos de que el uso del servicio viola los derechos de terceros. Si el servicio o nuestra empresa se fusiona o se adquiere por otra empresa, su informaci\u00f3n ser\u00e1 uno de los activos que se transferir\u00e1 tambi\u00e9n al nuevo propietario.<\/p>\n\n<p><em>Retenci\u00f3n de su informaci\u00f3n:<\/em><\/p>\n\n<p>Conservaremos su informaci\u00f3n personal con nosotros de 90 d\u00edas a 2 a\u00f1os despu\u00e9s de que los usuarios cancelen sus cuentas o durante el tiempo que la necesitemos para cumplir con los fines para los que se recopil\u00f3, como se detalla en esta pol\u00edtica de privacidad. Es posible que necesitemos conservar cierta informaci\u00f3n durante periodos m\u00e1s largos, como el mantenimiento de registros\/informes de acuerdo con la ley aplicable o por otras razones leg\u00edtimas, como el cumplimiento de los derechos legales, la prevenci\u00f3n del fraude, etc.<\/p>\n\n<p>Informaci\u00f3n an\u00f3nima residual e informaci\u00f3n agregada, ninguna de las cuales lo identifica (directa o indirectamente), puede almacenarse indefinidamente.<\/p>\n\n<p><em>Sus derechos:<\/em><\/p>\n\n<p>Dependiendo de la ley que se aplique, puede tener derecho a acceder y rectificar o borrar sus datos personales o recibir una copia, restringir u oponerse al procesamiento activo de los mismos, pedirnos que compartamos (aportemos) su informaci\u00f3n personal a otra entidad, retirar cualquier consentimiento que nos haya proporcionado para procesarla, presentar una queja ante una autoridad legal o cualquier otro derecho que pueda ser relevante seg\u00fan las leyes aplicables.<\/p>\n\n<p>Para ejercer estos derechos, puede escribirnos a:\u00a0<a href=\"mailto:info@cetecsoluciones.es\">info@cetecsoluciones.es<\/a>. Responderemos a su solicitud de acuerdo con la ley aplicable.<\/p>\n\n<p>Puede optar por no recibir comunicaciones de marketing directo o la elaboraci\u00f3n de perfiles que realicemos con fines publicitarios escribi\u00e9ndonos a:\u00a0<a href=\"mailto:info@cetecsoluciones.es\">info@cetecsoluciones.es<\/a>.<\/p>\n\n<p>Tenga en cuenta que si no nos permite recopilar o procesar la informaci\u00f3n personal requerida o retirar el consentimiento para procesar la misma para los fines requeridos, es posible que no pueda acceder o utilizar los servicios para los que se solicit\u00f3 previamente su informaci\u00f3n.<\/p>\n\n<p><em>Cookies:<\/em><\/p>\n\n<p>Para obtener m\u00e1s informaci\u00f3n sobre c\u00f3mo usamos las cookies y sus opciones en relaci\u00f3n con estas tecnolog\u00edas de seguimiento, revise esta pol\u00edtica de cookies.<\/p>\n\n<p><em>Seguridad:<\/em><\/p>\n\n<p>La seguridad de su informaci\u00f3n es importante para nosotros y utilizaremos medidas razonables para evitar la p\u00e9rdida, mal uso o alteraci\u00f3n no autorizada de su informaci\u00f3n bajo nuestro control. Sin embargo, dados los riesgos inherentes, no podemos garantizar la seguridad absoluta y, en consecuencia, no podemos asegurar ni garantizar la seguridad de cualquier informaci\u00f3n que nos transmita.<\/p>\n\t\t\t\t\t\t\t\t<\/div>\n\t\t\t\t<\/div>\n\t\t\t\t\t<\/div>\n\t\t\t\t<\/div>\n\t\t\t\t<\/div>","protected":false},"excerpt":{"rendered":"<p>INFORMACI\u00d3N QUE RECOPILAMOS: Recopilamos y procesamos la siguiente informaci\u00f3n sobre usted: C\u00f3mo recopilamos su informaci\u00f3n: Recopilamos\/recibimos informaci\u00f3n sobre usted de la siguiente manera: C\u00f3mo usamos su informaci\u00f3n: Usaremos la informaci\u00f3n que recopilamos sobre usted para los siguientes prop\u00f3sitos: C\u00f3mo compartimos su informaci\u00f3n: No transferiremos su informaci\u00f3n personal a ning\u00fan tercero sin solicitar su consentimiento, excepto [&hellip;]<\/p>\n","protected":false},"author":1,"featured_media":0,"parent":0,"menu_order":0,"comment_status":"closed","ping_status":"closed","template":"","meta":{"footnotes":""},"class_list":["post-604","page","type-page","status-publish","hentry"],"_links":{"self":[{"href":"https:\/\/cetecsoluciones.com\/ca\/wp-json\/wp\/v2\/pages\/604","targetHints":{"allow":["GET"]}}],"collection":[{"href":"https:\/\/cetecsoluciones.com\/ca\/wp-json\/wp\/v2\/pages"}],"about":[{"href":"https:\/\/cetecsoluciones.com\/ca\/wp-json\/wp\/v2\/types\/page"}],"author":[{"embeddable":true,"href":"https:\/\/cetecsoluciones.com\/ca\/wp-json\/wp\/v2\/users\/1"}],"replies":[{"embeddable":true,"href":"https:\/\/cetecsoluciones.com\/ca\/wp-json\/wp\/v2\/comments?post=604"}],"version-history":[{"count":13,"href":"https:\/\/cetecsoluciones.com\/ca\/wp-json\/wp\/v2\/pages\/604\/revisions"}],"predecessor-version":[{"id":1109,"href":"https:\/\/cetecsoluciones.com\/ca\/wp-json\/wp\/v2\/pages\/604\/revisions\/1109"}],"wp:attachment":[{"href":"https:\/\/cetecsoluciones.com\/ca\/wp-json\/wp\/v2\/media?parent=604"}],"curies":[{"name":"wp","href":"https:\/\/api.w.org\/{rel}","templated":true}]}}