{"id":3,"date":"2024-08-07T21:33:27","date_gmt":"2024-08-07T21:33:27","guid":{"rendered":"https:\/\/cetecsoluciones.com\/?page_id=3"},"modified":"2024-12-16T13:38:25","modified_gmt":"2024-12-16T13:38:25","slug":"politica-privacidad","status":"publish","type":"page","link":"https:\/\/cetecsoluciones.com\/ca\/politica-privacidad\/","title":{"rendered":"Pol\u00edtica de Privacitat"},"content":{"rendered":"<div data-elementor-type=\"wp-page\" data-elementor-id=\"3\" class=\"elementor elementor-3\" data-elementor-post-type=\"page\">\n\t\t\t\t\t\t<section class=\"elementor-section elementor-top-section elementor-element elementor-element-2d1ad692 elementor-section-content-middle elementor-reverse-mobile elementor-section-boxed elementor-section-height-default elementor-section-height-default\" data-id=\"2d1ad692\" data-element_type=\"section\" data-e-type=\"section\" data-settings=\"{&quot;background_background&quot;:&quot;classic&quot;}\">\n\t\t\t\t\t\t\t<div class=\"elementor-background-overlay\"><\/div>\n\t\t\t\t\t\t\t<div class=\"elementor-container elementor-column-gap-default\">\n\t\t\t\t\t<div class=\"elementor-column elementor-col-50 elementor-top-column elementor-element elementor-element-1e945ae0\" data-id=\"1e945ae0\" data-element_type=\"column\" data-e-type=\"column\">\n\t\t\t<div class=\"elementor-widget-wrap elementor-element-populated\">\n\t\t\t\t\t\t<div class=\"elementor-element elementor-element-572c3a76 elementor-widget__width-initial elementor-invisible elementor-widget elementor-widget-heading\" data-id=\"572c3a76\" data-element_type=\"widget\" data-e-type=\"widget\" data-settings=\"{&quot;_animation&quot;:&quot;fadeInLeft&quot;}\" data-widget_type=\"heading.default\">\n\t\t\t\t<div class=\"elementor-widget-container\">\n\t\t\t\t\t<h1 class=\"elementor-heading-title elementor-size-default\">Pol\u00edtica de Privacitat<\/h1>\t\t\t\t<\/div>\n\t\t\t\t<\/div>\n\t\t\t\t\t<\/div>\n\t\t<\/div>\n\t\t\t\t<div class=\"elementor-column elementor-col-50 elementor-top-column elementor-element elementor-element-30cf78c5\" data-id=\"30cf78c5\" data-element_type=\"column\" data-e-type=\"column\" data-settings=\"{&quot;background_background&quot;:&quot;classic&quot;}\">\n\t\t\t<div class=\"elementor-widget-wrap elementor-element-populated\">\n\t\t\t\t\t\t\t<\/div>\n\t\t<\/div>\n\t\t\t\t\t<\/div>\n\t\t<\/section>\n\t\t<div class=\"elementor-element elementor-element-2e9d141f e-flex e-con-boxed e-con e-parent\" data-id=\"2e9d141f\" data-element_type=\"container\" data-e-type=\"container\">\n\t\t\t\t\t<div class=\"e-con-inner\">\n\t\t\t\t<div class=\"elementor-element elementor-element-6e26e32 elementor-widget elementor-widget-text-editor\" data-id=\"6e26e32\" data-element_type=\"widget\" data-e-type=\"widget\" data-widget_type=\"text-editor.default\">\n\t\t\t\t<div class=\"elementor-widget-container\">\n\t\t\t\t\t\t\t\t\t\n<h2 class=\"wp-block-heading\">DADES GENERALS:<\/h2>\n\n<p>De acuerdo con el art\u00edculo 10 de la Ley 34\/2002, de 11 de julio, de Servicios de la Sociedad de la Informaci\u00f3n y del Comercio Electr\u00f3nico ponemos a su disposici\u00f3n los siguientes datos: CETEC est\u00e1 domiciliada en Carrer d\u00b4Adri\u00e0, 16 con CIF: 48017363X. En la web: www.cetecsoluciones.com hay una serie de contenidos de car\u00e1cter informativo sobre localidades, zonas, barrios o direcciones de residencias con las cuales se intermedia. Su principal objetivo es facilitar a los clientes y al p\u00fablico en general, la informaci\u00f3n relativa a la empresa y servicios que se ofrecen ya que los contenidos se preservan en una base de datos privada y segura.<\/p>\n\n<h3 class=\"wp-block-heading\">POL\u00cdTICA DE PRIVACIDAD:<\/h3>\n\n<p>En cumplimiento de lo dispuesto en la Ley Org\u00e1nica 3\/2018, de 5 de diciembre, de Protecci\u00f3n de Datos de Car\u00e1cter Personal (LOPD) se informa al usuario que todos los datos que nos proporcione ser\u00e1n incorporados a un fichero, creado y mantenido bajo la responsabilidad de Luis Ferreira Medina con DNI: 48017363X. Siempre se va a respetar la confidencialidad de sus datos personales que s\u00f3lo ser\u00e1n utilizados con la finalidad de gestionar los servicios ofrecidos, atender a las solicitudes que nos plantee, realizar tareas administrativas, as\u00ed como remitir informaci\u00f3n t\u00e9cnica, comercial o publicitaria por v\u00eda ordinaria o electr\u00f3nica. Para ejercer sus derechos de oposici\u00f3n, rectificaci\u00f3n o cancelaci\u00f3n deber\u00e1 dirigirse a la sede de la empresa ubicada en la Carrer d\u2019Adri\u00e0, 16 escribirnos al siguiente email: info@cetecsoluciones.es<\/p>\n\n<h3 class=\"wp-block-heading\">CONDICIONES DE USO:<\/h3>\n\n<p>Las condiciones de acceso y uso del presente sitio web se rigen por la legalidad vigente y por el principio de buena fe comprometi\u00e9ndose el usuario a realizar un buen uso de la web y de los datos proporcionados. No se permiten conductas que vayan contra la ley, los derechos o intereses de terceros. Ser cliente de CETEC soluciones implica que reconoce haber le\u00eddo y aceptado las presentes condiciones y lo que dicte la normativa legal aplicable en esta materia. Si por el motivo que fuere no est\u00e1 de acuerdo con estas condiciones no contin\u00fae usando nuestros servicios. Cualquier tipo de notificaci\u00f3n y\/o reclamaci\u00f3n solamente ser\u00e1 v\u00e1lida por notificaci\u00f3n escrita y\/o correo certificado.<\/p>\n\n<h3 class=\"wp-block-heading\">RESPONSABILIDADES:<\/h3>\n\n<p>CETEC soluciones no se hace responsable de la informaci\u00f3n y contenidos almacenados en foros, redes sociales o cualesquier otro medio que permita a terceros publicar contenidos de forma independiente. Tampoco la empresa se responsabilizar\u00e1 de los da\u00f1os y perjuicios que se produzcan por fallos o malas pr\u00e1cticas por parte de terceros. As\u00ed mismo, CETEC soluciones se reserva el derecho a actualizar, modificar o eliminar la informaci\u00f3n contenida en su p\u00e1gina web, as\u00ed como la configuraci\u00f3n o presentaci\u00f3n del mismo, en cualquier momento sin asumir alguna responsabilidad por ello. Le comunicamos que cualquier precio que pueda ver en nuestra web o en nuestras redes sociales ser\u00e1 solamente orientativo. Si el usuario desea saber con exactitud el precio o si el servicio en el momento actual cuenta con alguna oferta de la cual se puede beneficiar ha de acudir a la oficina de CETEC soluciones que est\u00e1 en Lleida previa cita. Si es aplicable, ofrecemos garant\u00edas o pol\u00edticas de devoluci\u00f3n para reducir los riesgos percibidos.<\/p>\n\n<h3 class=\"wp-block-heading\">PROPIEDAD INTELECTUAL E INDUSTRIAL:<\/h3>\n\n<p>CETEC soluciones es titular de todos los derechos sobre el software de la publicaci\u00f3n digital as\u00ed como de los derechos de propiedad industrial e intelectual referidos a los contenidos que se incluyan. Ning\u00fan material publicado en esta web podr\u00e1 ser reproducido, copiado o publicado sin el consentimiento por escrito de CETEC soluciones. Toda la informaci\u00f3n que se reciba en la web, como comentarios, sugerencias o ideas, se considerar\u00e1 cedida a CETEC soluciones de manera gratuita. No debe enviarse informaci\u00f3n que no pueda ser tratada de este modo.<\/p>\n\n<h3 class=\"wp-block-heading\">LEY APLICABLE Y JURISDICCI\u00d3N:<\/h3>\n\n<p>Las presentes condiciones generales se rigen por la legislaci\u00f3n espa\u00f1ola. Para cualquier litigio que pudiera surgir relacionado con el sitio web o la actividad que en \u00e9l se desarrolla ser\u00e1n competentes juzgados de Tarragona, renunciando expresamente el usuario a cualquier otro fuero que pudiera corresponderle.<\/p>\n\t\t\t\t\t\t\t\t<\/div>\n\t\t\t\t<\/div>\n\t\t\t\t\t<\/div>\n\t\t\t\t<\/div>\n\t\t\t\t<\/div>","protected":false},"excerpt":{"rendered":"<p>DATOS GENERALES: De acuerdo con el art\u00edculo 10 de la Ley 34\/2002, de 11 de julio, de Servicios de la Sociedad de la Informaci\u00f3n y del Comercio Electr\u00f3nico ponemos a su disposici\u00f3n los siguientes datos: CETEC est\u00e1 domiciliada en Carrer d\u00b4Adri\u00e0, 16 con CIF: 48017363X. En la web: www.cetecsoluciones.com hay una serie de contenidos de [&hellip;]<\/p>\n","protected":false},"author":1,"featured_media":0,"parent":0,"menu_order":0,"comment_status":"closed","ping_status":"open","template":"","meta":{"footnotes":""},"class_list":["post-3","page","type-page","status-publish","hentry"],"_links":{"self":[{"href":"https:\/\/cetecsoluciones.com\/ca\/wp-json\/wp\/v2\/pages\/3","targetHints":{"allow":["GET"]}}],"collection":[{"href":"https:\/\/cetecsoluciones.com\/ca\/wp-json\/wp\/v2\/pages"}],"about":[{"href":"https:\/\/cetecsoluciones.com\/ca\/wp-json\/wp\/v2\/types\/page"}],"author":[{"embeddable":true,"href":"https:\/\/cetecsoluciones.com\/ca\/wp-json\/wp\/v2\/users\/1"}],"replies":[{"embeddable":true,"href":"https:\/\/cetecsoluciones.com\/ca\/wp-json\/wp\/v2\/comments?post=3"}],"version-history":[{"count":28,"href":"https:\/\/cetecsoluciones.com\/ca\/wp-json\/wp\/v2\/pages\/3\/revisions"}],"predecessor-version":[{"id":1367,"href":"https:\/\/cetecsoluciones.com\/ca\/wp-json\/wp\/v2\/pages\/3\/revisions\/1367"}],"wp:attachment":[{"href":"https:\/\/cetecsoluciones.com\/ca\/wp-json\/wp\/v2\/media?parent=3"}],"curies":[{"name":"wp","href":"https:\/\/api.w.org\/{rel}","templated":true}]}}