{"id":22,"date":"2024-08-07T21:40:32","date_gmt":"2024-08-07T21:40:32","guid":{"rendered":"https:\/\/cetecsoluciones.com\/?page_id=22"},"modified":"2024-09-02T09:32:07","modified_gmt":"2024-09-02T09:32:07","slug":"ultimas-noticias-y-consejos-blog-cetec","status":"publish","type":"page","link":"https:\/\/cetecsoluciones.com\/ca\/ultimas-noticias-y-consejos-blog-cetec\/","title":{"rendered":"Blog"},"content":{"rendered":"<div data-elementor-type=\"wp-page\" data-elementor-id=\"22\" class=\"elementor elementor-22\" data-elementor-post-type=\"page\">\n\t\t\t\t\t\t<section class=\"elementor-section elementor-top-section elementor-element elementor-element-20acbd11 elementor-section-content-middle elementor-reverse-mobile elementor-section-boxed elementor-section-height-default elementor-section-height-default\" data-id=\"20acbd11\" data-element_type=\"section\" data-e-type=\"section\" data-settings=\"{&quot;background_background&quot;:&quot;classic&quot;}\">\n\t\t\t\t\t\t\t<div class=\"elementor-background-overlay\"><\/div>\n\t\t\t\t\t\t\t<div class=\"elementor-container elementor-column-gap-default\">\n\t\t\t\t\t<div class=\"elementor-column elementor-col-50 elementor-top-column elementor-element elementor-element-2379da7a\" data-id=\"2379da7a\" data-element_type=\"column\" data-e-type=\"column\">\n\t\t\t<div class=\"elementor-widget-wrap elementor-element-populated\">\n\t\t\t\t\t\t<div class=\"elementor-element elementor-element-58d6b440 elementor-invisible elementor-widget elementor-widget-heading\" data-id=\"58d6b440\" data-element_type=\"widget\" data-e-type=\"widget\" data-settings=\"{&quot;_animation&quot;:&quot;fadeInLeft&quot;}\" data-widget_type=\"heading.default\">\n\t\t\t\t<div class=\"elementor-widget-container\">\n\t\t\t\t\t<h1 class=\"elementor-heading-title elementor-size-default\">Blog<\/h1>\t\t\t\t<\/div>\n\t\t\t\t<\/div>\n\t\t\t\t<div class=\"elementor-element elementor-element-d796693 elementor-widget elementor-widget-heading\" data-id=\"d796693\" data-element_type=\"widget\" data-e-type=\"widget\" data-widget_type=\"heading.default\">\n\t\t\t\t<div class=\"elementor-widget-container\">\n\t\t\t\t\t<h4 class=\"elementor-heading-title elementor-size-default\">Informaci\u00f3n y Actualizaciones Tecnol\u00f3gicas<\/h4>\t\t\t\t<\/div>\n\t\t\t\t<\/div>\n\t\t\t\t\t<\/div>\n\t\t<\/div>\n\t\t\t\t<div class=\"elementor-column elementor-col-50 elementor-top-column elementor-element elementor-element-7fb91ec0\" data-id=\"7fb91ec0\" data-element_type=\"column\" data-e-type=\"column\" data-settings=\"{&quot;background_background&quot;:&quot;classic&quot;}\">\n\t\t\t<div class=\"elementor-widget-wrap elementor-element-populated\">\n\t\t\t\t\t\t<div class=\"elementor-element elementor-element-17ee0c62 elementor-invisible elementor-widget elementor-widget-image\" data-id=\"17ee0c62\" data-element_type=\"widget\" data-e-type=\"widget\" data-settings=\"{&quot;_animation&quot;:&quot;bounceIn&quot;}\" data-widget_type=\"image.default\">\n\t\t\t\t<div class=\"elementor-widget-container\">\n\t\t\t\t\t\t\t\t\t\t\t\t\t\t\t<img fetchpriority=\"high\" decoding=\"async\" width=\"1024\" height=\"768\" src=\"https:\/\/cetecsoluciones.com\/wp-content\/uploads\/2024\/08\/2108_Correcciones-Cetec-1.png\" class=\"attachment-full size-full wp-image-957\" alt=\"\" srcset=\"https:\/\/cetecsoluciones.com\/wp-content\/uploads\/2024\/08\/2108_Correcciones-Cetec-1.png 1024w, https:\/\/cetecsoluciones.com\/wp-content\/uploads\/2024\/08\/2108_Correcciones-Cetec-1-300x225.png 300w, https:\/\/cetecsoluciones.com\/wp-content\/uploads\/2024\/08\/2108_Correcciones-Cetec-1-768x576.png 768w, https:\/\/cetecsoluciones.com\/wp-content\/uploads\/2024\/08\/2108_Correcciones-Cetec-1-16x12.png 16w\" sizes=\"(max-width: 1024px) 100vw, 1024px\" \/>\t\t\t\t\t\t\t\t\t\t\t\t\t\t\t<\/div>\n\t\t\t\t<\/div>\n\t\t\t\t\t<\/div>\n\t\t<\/div>\n\t\t\t\t\t<\/div>\n\t\t<\/section>\n\t\t\t\t<section class=\"elementor-section elementor-top-section elementor-element elementor-element-41373b41 elementor-section-boxed elementor-section-height-default elementor-section-height-default\" data-id=\"41373b41\" data-element_type=\"section\" data-e-type=\"section\">\n\t\t\t\t\t\t<div class=\"elementor-container elementor-column-gap-default\">\n\t\t\t\t\t<div class=\"elementor-column elementor-col-100 elementor-top-column elementor-element elementor-element-3209b36c\" data-id=\"3209b36c\" data-element_type=\"column\" data-e-type=\"column\">\n\t\t\t<div class=\"elementor-widget-wrap elementor-element-populated\">\n\t\t\t\t\t\t<div class=\"elementor-element elementor-element-4fb7daa elementor-widget elementor-widget-heading\" data-id=\"4fb7daa\" data-element_type=\"widget\" data-e-type=\"widget\" data-widget_type=\"heading.default\">\n\t\t\t\t<div class=\"elementor-widget-container\">\n\t\t\t\t\t<h3 class=\"elementor-heading-title elementor-size-default\">\u00daLTIMAS NOTICIAS<\/h3>\t\t\t\t<\/div>\n\t\t\t\t<\/div>\n\t\t\t\t<div class=\"elementor-element elementor-element-6de631f elementor-widget elementor-widget-text-editor\" data-id=\"6de631f\" data-element_type=\"widget\" data-e-type=\"widget\" data-widget_type=\"text-editor.default\">\n\t\t\t\t<div class=\"elementor-widget-container\">\n\t\t\t\t\t\t\t\t\t<p>Mantente al d\u00eda con noticias y consejos\u00a0<\/p>\t\t\t\t\t\t\t\t<\/div>\n\t\t\t\t<\/div>\n\t\t\t\t<div class=\"elementor-element elementor-element-777173c elementor-grid-3 elementor-grid-tablet-2 elementor-grid-mobile-1 elementor-posts--thumbnail-top elementor-card-shadow-yes elementor-posts__hover-gradient elementor-widget elementor-widget-posts\" data-id=\"777173c\" data-element_type=\"widget\" data-e-type=\"widget\" data-settings=\"{&quot;cards_columns&quot;:&quot;3&quot;,&quot;cards_columns_tablet&quot;:&quot;2&quot;,&quot;cards_columns_mobile&quot;:&quot;1&quot;,&quot;cards_row_gap&quot;:{&quot;unit&quot;:&quot;px&quot;,&quot;size&quot;:35,&quot;sizes&quot;:[]},&quot;cards_row_gap_tablet&quot;:{&quot;unit&quot;:&quot;px&quot;,&quot;size&quot;:&quot;&quot;,&quot;sizes&quot;:[]},&quot;cards_row_gap_mobile&quot;:{&quot;unit&quot;:&quot;px&quot;,&quot;size&quot;:&quot;&quot;,&quot;sizes&quot;:[]}}\" data-widget_type=\"posts.cards\">\n\t\t\t\t<div class=\"elementor-widget-container\">\n\t\t\t\t\t\t\t<div class=\"elementor-posts-container elementor-posts elementor-posts--skin-cards elementor-grid\">\n\t\t\t\t<article class=\"elementor-post elementor-grid-item post-465 post type-post status-publish format-standard has-post-thumbnail hentry category-articulos\">\n\t\t\t<div class=\"elementor-post__card\">\n\t\t\t\t<a class=\"elementor-post__thumbnail__link\" href=\"https:\/\/cetecsoluciones.com\/ca\/optimizacion-de-sistemas\/\" tabindex=\"-1\" ><div class=\"elementor-post__thumbnail\"><img decoding=\"async\" width=\"300\" height=\"200\" src=\"https:\/\/cetecsoluciones.com\/wp-content\/uploads\/2024\/08\/diverse-male-and-female-engineers-discussing-over-a-laptop-in-computer-server-room-300x200.jpg\" class=\"attachment-medium size-medium wp-image-120\" alt=\"\" srcset=\"https:\/\/cetecsoluciones.com\/wp-content\/uploads\/2024\/08\/diverse-male-and-female-engineers-discussing-over-a-laptop-in-computer-server-room-300x200.jpg 300w, https:\/\/cetecsoluciones.com\/wp-content\/uploads\/2024\/08\/diverse-male-and-female-engineers-discussing-over-a-laptop-in-computer-server-room-1024x683.jpg 1024w, https:\/\/cetecsoluciones.com\/wp-content\/uploads\/2024\/08\/diverse-male-and-female-engineers-discussing-over-a-laptop-in-computer-server-room-768x512.jpg 768w, https:\/\/cetecsoluciones.com\/wp-content\/uploads\/2024\/08\/diverse-male-and-female-engineers-discussing-over-a-laptop-in-computer-server-room.jpg 1080w\" sizes=\"(max-width: 300px) 100vw, 300px\" \/><\/div><\/a>\n\t\t\t\t<div class=\"elementor-post__text\">\n\t\t\t\t<h3 class=\"elementor-post__title\">\n\t\t\t<a href=\"https:\/\/cetecsoluciones.com\/ca\/optimizacion-de-sistemas\/\" >\n\t\t\t\tOptimitzaci\u00f3 de Sistemes\t\t\t<\/a>\n\t\t<\/h3>\n\t\t\t\t<div class=\"elementor-post__excerpt\">\n\t\t\t<p>Millori el rendiment dels seus dispositiu<\/p>\n\t\t<\/div>\n\t\t\n\t\t<a class=\"elementor-post__read-more\" href=\"https:\/\/cetecsoluciones.com\/ca\/optimizacion-de-sistemas\/\" aria-label=\"Read more about Optimizaci\u00f3n de Sistemas\" tabindex=\"-1\" >\n\t\t\tLlegir M\u00e9s \u00bb\t\t<\/a>\n\n\t\t\t\t<\/div>\n\t\t\t\t\t<\/div>\n\t\t<\/article>\n\t\t\t\t<article class=\"elementor-post elementor-grid-item post-463 post type-post status-publish format-standard has-post-thumbnail hentry category-articulos\">\n\t\t\t<div class=\"elementor-post__card\">\n\t\t\t\t<a class=\"elementor-post__thumbnail__link\" href=\"https:\/\/cetecsoluciones.com\/ca\/novedades-de-apple\/\" tabindex=\"-1\" ><div class=\"elementor-post__thumbnail\"><img decoding=\"async\" width=\"300\" height=\"225\" src=\"https:\/\/cetecsoluciones.com\/wp-content\/uploads\/2024\/08\/IMG_1866-300x225.jpg\" class=\"attachment-medium size-medium wp-image-685\" alt=\"\" srcset=\"https:\/\/cetecsoluciones.com\/wp-content\/uploads\/2024\/08\/IMG_1866-300x225.jpg 300w, https:\/\/cetecsoluciones.com\/wp-content\/uploads\/2024\/08\/IMG_1866-1024x768.jpg 1024w, https:\/\/cetecsoluciones.com\/wp-content\/uploads\/2024\/08\/IMG_1866-768x576.jpg 768w, https:\/\/cetecsoluciones.com\/wp-content\/uploads\/2024\/08\/IMG_1866-1536x1152.jpg 1536w, https:\/\/cetecsoluciones.com\/wp-content\/uploads\/2024\/08\/IMG_1866-2048x1536.jpg 2048w\" sizes=\"(max-width: 300px) 100vw, 300px\" \/><\/div><\/a>\n\t\t\t\t<div class=\"elementor-post__text\">\n\t\t\t\t<h3 class=\"elementor-post__title\">\n\t\t\t<a href=\"https:\/\/cetecsoluciones.com\/ca\/novedades-de-apple\/\" >\n\t\t\t\tNovetats de Apple\t\t\t<\/a>\n\t\t<\/h3>\n\t\t\t\t<div class=\"elementor-post__excerpt\">\n\t\t\t<p>L'\u00faltim en actualitzacions i llan\u00e7aments<\/p>\n\t\t<\/div>\n\t\t\n\t\t<a class=\"elementor-post__read-more\" href=\"https:\/\/cetecsoluciones.com\/ca\/novedades-de-apple\/\" aria-label=\"Read more about Novedades de Apple\" tabindex=\"-1\" >\n\t\t\tLlegir M\u00e9s \u00bb\t\t<\/a>\n\n\t\t\t\t<\/div>\n\t\t\t\t\t<\/div>\n\t\t<\/article>\n\t\t\t\t<article class=\"elementor-post elementor-grid-item post-461 post type-post status-publish format-standard has-post-thumbnail hentry category-articulos\">\n\t\t\t<div class=\"elementor-post__card\">\n\t\t\t\t<a class=\"elementor-post__thumbnail__link\" href=\"https:\/\/cetecsoluciones.com\/ca\/guia-de-compra-de-hardware\/\" tabindex=\"-1\" ><div class=\"elementor-post__thumbnail\"><img loading=\"lazy\" decoding=\"async\" width=\"300\" height=\"200\" src=\"https:\/\/cetecsoluciones.com\/wp-content\/uploads\/2024\/08\/computer-fixing-service-or-maintenance-concept-300x200.jpg\" class=\"attachment-medium size-medium wp-image-48\" alt=\"\" srcset=\"https:\/\/cetecsoluciones.com\/wp-content\/uploads\/2024\/08\/computer-fixing-service-or-maintenance-concept-300x200.jpg 300w, https:\/\/cetecsoluciones.com\/wp-content\/uploads\/2024\/08\/computer-fixing-service-or-maintenance-concept-1024x683.jpg 1024w, https:\/\/cetecsoluciones.com\/wp-content\/uploads\/2024\/08\/computer-fixing-service-or-maintenance-concept-768x512.jpg 768w, https:\/\/cetecsoluciones.com\/wp-content\/uploads\/2024\/08\/computer-fixing-service-or-maintenance-concept.jpg 1080w\" sizes=\"(max-width: 300px) 100vw, 300px\" \/><\/div><\/a>\n\t\t\t\t<div class=\"elementor-post__text\">\n\t\t\t\t<h3 class=\"elementor-post__title\">\n\t\t\t<a href=\"https:\/\/cetecsoluciones.com\/ca\/guia-de-compra-de-hardware\/\" >\n\t\t\t\tGu\u00eda de compra de Hardware\t\t\t<\/a>\n\t\t<\/h3>\n\t\t\t\t<div class=\"elementor-post__excerpt\">\n\t\t\t<p>Trobi l'equip adequat per a les seves necessitats.<\/p>\n\t\t<\/div>\n\t\t\n\t\t<a class=\"elementor-post__read-more\" href=\"https:\/\/cetecsoluciones.com\/ca\/guia-de-compra-de-hardware\/\" aria-label=\"Read more about Gu\u00eda de compra de Hardware\" tabindex=\"-1\" >\n\t\t\tLlegir M\u00e9s \u00bb\t\t<\/a>\n\n\t\t\t\t<\/div>\n\t\t\t\t\t<\/div>\n\t\t<\/article>\n\t\t\t\t<article class=\"elementor-post elementor-grid-item post-458 post type-post status-publish format-standard has-post-thumbnail hentry category-articulos\">\n\t\t\t<div class=\"elementor-post__card\">\n\t\t\t\t<a class=\"elementor-post__thumbnail__link\" href=\"https:\/\/cetecsoluciones.com\/ca\/consejos-de-ciberseguridad\/\" tabindex=\"-1\" ><div class=\"elementor-post__thumbnail\"><img loading=\"lazy\" decoding=\"async\" width=\"300\" height=\"200\" src=\"https:\/\/cetecsoluciones.com\/wp-content\/uploads\/2024\/08\/creating-code-for-computer-software-300x200.jpg\" class=\"attachment-medium size-medium wp-image-109\" alt=\"\" srcset=\"https:\/\/cetecsoluciones.com\/wp-content\/uploads\/2024\/08\/creating-code-for-computer-software-300x200.jpg 300w, https:\/\/cetecsoluciones.com\/wp-content\/uploads\/2024\/08\/creating-code-for-computer-software-1024x683.jpg 1024w, https:\/\/cetecsoluciones.com\/wp-content\/uploads\/2024\/08\/creating-code-for-computer-software-768x512.jpg 768w, https:\/\/cetecsoluciones.com\/wp-content\/uploads\/2024\/08\/creating-code-for-computer-software.jpg 1080w\" sizes=\"(max-width: 300px) 100vw, 300px\" \/><\/div><\/a>\n\t\t\t\t<div class=\"elementor-post__text\">\n\t\t\t\t<h3 class=\"elementor-post__title\">\n\t\t\t<a href=\"https:\/\/cetecsoluciones.com\/ca\/consejos-de-ciberseguridad\/\" >\n\t\t\t\tConsells de Ciberseguretat\t\t\t<\/a>\n\t\t<\/h3>\n\t\t\t\t<div class=\"elementor-post__excerpt\">\n\t\t\t<p>Contenido (Textos) Web Cetec Proteja sus datos m\u00e1s importantes<\/p>\n\t\t<\/div>\n\t\t\n\t\t<a class=\"elementor-post__read-more\" href=\"https:\/\/cetecsoluciones.com\/ca\/consejos-de-ciberseguridad\/\" aria-label=\"Read more about Consejos de Ciberseguridad\" tabindex=\"-1\" >\n\t\t\tLlegir M\u00e9s \u00bb\t\t<\/a>\n\n\t\t\t\t<\/div>\n\t\t\t\t\t<\/div>\n\t\t<\/article>\n\t\t\t\t<\/div>\n\t\t\n\t\t\t\t\t\t<\/div>\n\t\t\t\t<\/div>\n\t\t\t\t\t<\/div>\n\t\t<\/div>\n\t\t\t\t\t<\/div>\n\t\t<\/section>\n\t\t\t\t<section class=\"elementor-section elementor-top-section elementor-element elementor-element-b8a88cc elementor-section-height-min-height elementor-section-boxed elementor-section-height-default elementor-section-items-middle\" data-id=\"b8a88cc\" data-element_type=\"section\" data-e-type=\"section\" data-settings=\"{&quot;background_background&quot;:&quot;classic&quot;}\">\n\t\t\t\t\t\t\t<div class=\"elementor-background-overlay\"><\/div>\n\t\t\t\t\t\t\t<div class=\"elementor-container elementor-column-gap-default\">\n\t\t\t\t\t<div class=\"elementor-column elementor-col-100 elementor-top-column elementor-element elementor-element-b79884b elementor-invisible\" data-id=\"b79884b\" data-element_type=\"column\" data-e-type=\"column\" data-settings=\"{&quot;animation&quot;:&quot;fadeInRight&quot;}\">\n\t\t\t<div class=\"elementor-widget-wrap elementor-element-populated\">\n\t\t\t\t\t\t<div class=\"elementor-element elementor-element-a170015 elementor-widget elementor-widget-heading\" data-id=\"a170015\" data-element_type=\"widget\" data-e-type=\"widget\" data-widget_type=\"heading.default\">\n\t\t\t\t<div class=\"elementor-widget-container\">\n\t\t\t\t\t<h2 class=\"elementor-heading-title elementor-size-default\">Cetec, el teu aliat en solucions inform\u00e0tiques.<\/h2>\t\t\t\t<\/div>\n\t\t\t\t<\/div>\n\t\t\t\t\t<\/div>\n\t\t<\/div>\n\t\t\t\t\t<\/div>\n\t\t<\/section>\n\t\t\t\t<section class=\"elementor-section elementor-top-section elementor-element elementor-element-c98bbd9 elementor-section-boxed elementor-section-height-default elementor-section-height-default\" data-id=\"c98bbd9\" data-element_type=\"section\" data-e-type=\"section\">\n\t\t\t\t\t\t<div class=\"elementor-container elementor-column-gap-default\">\n\t\t\t\t\t<div class=\"elementor-column elementor-col-100 elementor-top-column elementor-element elementor-element-2c17a28\" data-id=\"2c17a28\" data-element_type=\"column\" data-e-type=\"column\">\n\t\t\t<div class=\"elementor-widget-wrap elementor-element-populated\">\n\t\t\t\t\t\t<section class=\"elementor-section elementor-inner-section elementor-element elementor-element-067239c elementor-section-boxed elementor-section-height-default elementor-section-height-default\" data-id=\"067239c\" data-element_type=\"section\" data-e-type=\"section\">\n\t\t\t\t\t\t<div class=\"elementor-container elementor-column-gap-default\">\n\t\t\t\t\t<div class=\"elementor-column elementor-col-33 elementor-inner-column elementor-element elementor-element-3262203 elementor-invisible\" data-id=\"3262203\" data-element_type=\"column\" data-e-type=\"column\" data-settings=\"{&quot;background_background&quot;:&quot;classic&quot;,&quot;animation&quot;:&quot;fadeInUp&quot;,&quot;animation_delay&quot;:200}\">\n\t\t\t<div class=\"elementor-widget-wrap elementor-element-populated\">\n\t\t\t\t\t\t<div class=\"elementor-element elementor-element-8f04c17 elementor-view-default elementor-position-block-start elementor-mobile-position-block-start elementor-widget elementor-widget-icon-box\" data-id=\"8f04c17\" data-element_type=\"widget\" data-e-type=\"widget\" data-widget_type=\"icon-box.default\">\n\t\t\t\t<div class=\"elementor-widget-container\">\n\t\t\t\t\t\t\t<div class=\"elementor-icon-box-wrapper\">\n\n\t\t\t\t\t\t<div class=\"elementor-icon-box-icon\">\n\t\t\t\t<a href=\"https:\/\/cetecsoluciones.com\/ca\/tarifas\/\" class=\"elementor-icon\" tabindex=\"-1\" aria-label=\"Sol\u00b7licitar pressupost\">\n\t\t\t\t<i aria-hidden=\"true\" class=\"icon icon-server-7\"><\/i>\t\t\t\t<\/a>\n\t\t\t<\/div>\n\t\t\t\n\t\t\t\t\t\t<div class=\"elementor-icon-box-content\">\n\n\t\t\t\t\t\t\t\t\t<h4 class=\"elementor-icon-box-title\">\n\t\t\t\t\t\t<a href=\"https:\/\/cetecsoluciones.com\/ca\/tarifas\/\" >\n\t\t\t\t\t\t\tSol\u00b7licitar pressupost\t\t\t\t\t\t<\/a>\n\t\t\t\t\t<\/h4>\n\t\t\t\t\n\t\t\t\t\t\t\t\t\t<p class=\"elementor-icon-box-description\">\n\t\t\t\t\t\tCerques solucionis a mesura?\nSol\u00b7licita el teu pressupost sense comprom\u00eds!\t\t\t\t\t<\/p>\n\t\t\t\t\n\t\t\t<\/div>\n\t\t\t\n\t\t<\/div>\n\t\t\t\t\t\t<\/div>\n\t\t\t\t<\/div>\n\t\t\t\t\t<\/div>\n\t\t<\/div>\n\t\t\t\t<div class=\"elementor-column elementor-col-33 elementor-inner-column elementor-element elementor-element-f0187e9 elementor-invisible\" data-id=\"f0187e9\" data-element_type=\"column\" data-e-type=\"column\" data-settings=\"{&quot;background_background&quot;:&quot;classic&quot;,&quot;animation&quot;:&quot;fadeInUp&quot;}\">\n\t\t\t<div class=\"elementor-widget-wrap elementor-element-populated\">\n\t\t\t\t\t\t<div class=\"elementor-element elementor-element-8f2fdbe elementor-view-default elementor-position-block-start elementor-mobile-position-block-start elementor-widget elementor-widget-icon-box\" data-id=\"8f2fdbe\" data-element_type=\"widget\" data-e-type=\"widget\" data-widget_type=\"icon-box.default\">\n\t\t\t\t<div class=\"elementor-widget-container\">\n\t\t\t\t\t\t\t<div class=\"elementor-icon-box-wrapper\">\n\n\t\t\t\t\t\t<div class=\"elementor-icon-box-icon\">\n\t\t\t\t<a href=\"https:\/\/cetecsoluciones.com\/ca\/servicios\/\" class=\"elementor-icon\" tabindex=\"-1\" aria-label=\"Consulta els nostres serveis\">\n\t\t\t\t<i aria-hidden=\"true\" class=\"icon icon-layers1\"><\/i>\t\t\t\t<\/a>\n\t\t\t<\/div>\n\t\t\t\n\t\t\t\t\t\t<div class=\"elementor-icon-box-content\">\n\n\t\t\t\t\t\t\t\t\t<h4 class=\"elementor-icon-box-title\">\n\t\t\t\t\t\t<a href=\"https:\/\/cetecsoluciones.com\/ca\/servicios\/\" >\n\t\t\t\t\t\t\tConsulta els nostres serveis\t\t\t\t\t\t<\/a>\n\t\t\t\t\t<\/h4>\n\t\t\t\t\n\t\t\t\t\t\t\t\t\t<p class=\"elementor-icon-box-description\">\n\t\t\t\t\t\tObtingues assist\u00e8ncia t\u00e8cnica r\u00e0pida i de confian\u00e7a!\t\t\t\t\t<\/p>\n\t\t\t\t\n\t\t\t<\/div>\n\t\t\t\n\t\t<\/div>\n\t\t\t\t\t\t<\/div>\n\t\t\t\t<\/div>\n\t\t\t\t\t<\/div>\n\t\t<\/div>\n\t\t\t\t<div class=\"elementor-column elementor-col-33 elementor-inner-column elementor-element elementor-element-8a93cbe elementor-invisible\" data-id=\"8a93cbe\" data-element_type=\"column\" data-e-type=\"column\" data-settings=\"{&quot;background_background&quot;:&quot;classic&quot;,&quot;animation&quot;:&quot;fadeInUp&quot;,&quot;animation_delay&quot;:400}\">\n\t\t\t<div class=\"elementor-widget-wrap elementor-element-populated\">\n\t\t\t\t\t\t<div class=\"elementor-element elementor-element-7b2a1cf elementor-view-default elementor-position-block-start elementor-mobile-position-block-start elementor-widget elementor-widget-icon-box\" data-id=\"7b2a1cf\" data-element_type=\"widget\" data-e-type=\"widget\" data-widget_type=\"icon-box.default\">\n\t\t\t\t<div class=\"elementor-widget-container\">\n\t\t\t\t\t\t\t<div class=\"elementor-icon-box-wrapper\">\n\n\t\t\t\t\t\t<div class=\"elementor-icon-box-icon\">\n\t\t\t\t<a href=\"https:\/\/cetecsoluciones.com\/ca\/contacto\/\" class=\"elementor-icon\" tabindex=\"-1\" aria-label=\"Demana una consulta\">\n\t\t\t\t<svg aria-hidden=\"true\" class=\"e-font-icon-svg e-fas-user-tie\" viewbox=\"0 0 448 512\" xmlns=\"http:\/\/www.w3.org\/2000\/svg\"><path d=\"M224 256c70.7 0 128-57.3 128-128S294.7 0 224 0 96 57.3 96 128s57.3 128 128 128zm95.8 32.6L272 480l-32-136 32-56h-96l32 56-32 136-47.8-191.4C56.9 292 0 350.3 0 422.4V464c0 26.5 21.5 48 48 48h352c26.5 0 48-21.5 48-48v-41.6c0-72.1-56.9-130.4-128.2-133.8z\"><\/path><\/svg>\t\t\t\t<\/a>\n\t\t\t<\/div>\n\t\t\t\n\t\t\t\t\t\t<div class=\"elementor-icon-box-content\">\n\n\t\t\t\t\t\t\t\t\t<h4 class=\"elementor-icon-box-title\">\n\t\t\t\t\t\t<a href=\"https:\/\/cetecsoluciones.com\/ca\/contacto\/\" >\n\t\t\t\t\t\t\tDemana una consulta\t\t\t\t\t\t<\/a>\n\t\t\t\t\t<\/h4>\n\t\t\t\t\n\t\t\t\t\t\t\t\t\t<p class=\"elementor-icon-box-description\">\n\t\t\t\t\t\tNecessites suport inform\u00e0tic?\nEstem llestos per a ajudar-te!\t\t\t\t\t<\/p>\n\t\t\t\t\n\t\t\t<\/div>\n\t\t\t\n\t\t<\/div>\n\t\t\t\t\t\t<\/div>\n\t\t\t\t<\/div>\n\t\t\t\t\t<\/div>\n\t\t<\/div>\n\t\t\t\t\t<\/div>\n\t\t<\/section>\n\t\t\t\t\t<\/div>\n\t\t<\/div>\n\t\t\t\t\t<\/div>\n\t\t<\/section>\n\t\t\t\t<\/div>","protected":false},"excerpt":{"rendered":"<p>Blog Informaci\u00f3n y Actualizaciones Tecnol\u00f3gicas \u00daLTIMAS NOTICIAS Mantente al d\u00eda con noticias y consejos\u00a0 Cetec, tu aliado en soluciones inform\u00e1ticas. Solicitar presupuesto \u00bfBuscas soluciones a medida? \u00a1Solicita tu presupuesto sin compromiso! Consulta nuestros servicios \u00a1Obt\u00e9n asistencia t\u00e9cnica r\u00e1pida y confiable! Solicita una consulta \u00bfNecesitas soporte inform\u00e1tico? \u00a1Estamos listos para ayudarte!<\/p>","protected":false},"author":1,"featured_media":0,"parent":0,"menu_order":0,"comment_status":"closed","ping_status":"closed","template":"","meta":{"footnotes":""},"class_list":["post-22","page","type-page","status-publish","hentry"],"_links":{"self":[{"href":"https:\/\/cetecsoluciones.com\/ca\/wp-json\/wp\/v2\/pages\/22","targetHints":{"allow":["GET"]}}],"collection":[{"href":"https:\/\/cetecsoluciones.com\/ca\/wp-json\/wp\/v2\/pages"}],"about":[{"href":"https:\/\/cetecsoluciones.com\/ca\/wp-json\/wp\/v2\/types\/page"}],"author":[{"embeddable":true,"href":"https:\/\/cetecsoluciones.com\/ca\/wp-json\/wp\/v2\/users\/1"}],"replies":[{"embeddable":true,"href":"https:\/\/cetecsoluciones.com\/ca\/wp-json\/wp\/v2\/comments?post=22"}],"version-history":[{"count":56,"href":"https:\/\/cetecsoluciones.com\/ca\/wp-json\/wp\/v2\/pages\/22\/revisions"}],"predecessor-version":[{"id":1481,"href":"https:\/\/cetecsoluciones.com\/ca\/wp-json\/wp\/v2\/pages\/22\/revisions\/1481"}],"wp:attachment":[{"href":"https:\/\/cetecsoluciones.com\/ca\/wp-json\/wp\/v2\/media?parent=22"}],"curies":[{"name":"wp","href":"https:\/\/api.w.org\/{rel}","templated":true}]}}